{"id":1110,"date":"2023-02-03T00:36:54","date_gmt":"2023-02-03T00:36:54","guid":{"rendered":"http:\/\/2020.turismolagoranco.cl\/?page_id=1110"},"modified":"2023-02-03T00:37:34","modified_gmt":"2023-02-03T00:37:34","slug":"quienes-somos","status":"publish","type":"page","link":"http:\/\/2020.turismolagoranco.cl\/index.php\/quienes-somos\/","title":{"rendered":"Qui\u00e9nes somos"},"content":{"rendered":"\t\t<div data-elementor-type=\"wp-page\" data-elementor-id=\"1110\" class=\"elementor elementor-1110\">\n\t\t\t\t\t\t\t\t\t<section class=\"elementor-section elementor-top-section elementor-element elementor-element-65e6b44 elementor-section-full_width elementor-section-height-default elementor-section-height-default\" data-id=\"65e6b44\" data-element_type=\"section\" data-settings=\"{&quot;background_background&quot;:&quot;slideshow&quot;,&quot;background_slideshow_gallery&quot;:[{&quot;id&quot;:101,&quot;url&quot;:&quot;http:\\\/\\\/2020.turismolagoranco.cl\\\/wp-content\\\/uploads\\\/2023\\\/01\\\/DJI_0093-scaled.jpg&quot;},{&quot;id&quot;:102,&quot;url&quot;:&quot;http:\\\/\\\/2020.turismolagoranco.cl\\\/wp-content\\\/uploads\\\/2023\\\/01\\\/DJI_0083-scaled.jpg&quot;},{&quot;id&quot;:103,&quot;url&quot;:&quot;http:\\\/\\\/2020.turismolagoranco.cl\\\/wp-content\\\/uploads\\\/2023\\\/01\\\/DJI_0135-scaled.jpg&quot;},{&quot;id&quot;:148,&quot;url&quot;:&quot;http:\\\/\\\/2020.turismolagoranco.cl\\\/wp-content\\\/uploads\\\/2023\\\/01\\\/20180127_132425_HDR-scaled.jpg&quot;}],&quot;background_slideshow_loop&quot;:&quot;yes&quot;,&quot;background_slideshow_slide_duration&quot;:5000,&quot;background_slideshow_slide_transition&quot;:&quot;fade&quot;,&quot;background_slideshow_transition_duration&quot;:500}\">\n\t\t\t\t\t\t<div class=\"elementor-container elementor-column-gap-default\">\n\t\t\t\t\t<div class=\"elementor-column elementor-col-100 elementor-top-column elementor-element elementor-element-3f336d2\" data-id=\"3f336d2\" data-element_type=\"column\">\n\t\t\t<div class=\"elementor-widget-wrap\">\n\t\t\t\t\t\t\t\t\t<\/div>\n\t\t<\/div>\n\t\t\t\t\t\t\t<\/div>\n\t\t<\/section>\n\t\t\t\t<section class=\"elementor-section elementor-top-section elementor-element elementor-element-3bc8ae9 elementor-section-boxed elementor-section-height-default elementor-section-height-default\" data-id=\"3bc8ae9\" data-element_type=\"section\">\n\t\t\t\t\t\t<div class=\"elementor-container elementor-column-gap-default\">\n\t\t\t\t\t<div class=\"elementor-column elementor-col-100 elementor-top-column elementor-element elementor-element-9ebf24b\" data-id=\"9ebf24b\" data-element_type=\"column\">\n\t\t\t<div class=\"elementor-widget-wrap elementor-element-populated\">\n\t\t\t\t\t\t\t\t<div class=\"elementor-element elementor-element-e128460 elementor-widget elementor-widget-text-editor\" data-id=\"e128460\" data-element_type=\"widget\" data-widget_type=\"text-editor.default\">\n\t\t\t\t<div class=\"elementor-widget-container\">\n\t\t\t<style>\/*! elementor - v3.9.2 - 21-12-2022 *\/\n.elementor-widget-text-editor.elementor-drop-cap-view-stacked .elementor-drop-cap{background-color:#818a91;color:#fff}.elementor-widget-text-editor.elementor-drop-cap-view-framed .elementor-drop-cap{color:#818a91;border:3px solid;background-color:transparent}.elementor-widget-text-editor:not(.elementor-drop-cap-view-default) .elementor-drop-cap{margin-top:8px}.elementor-widget-text-editor:not(.elementor-drop-cap-view-default) .elementor-drop-cap-letter{width:1em;height:1em}.elementor-widget-text-editor .elementor-drop-cap{float:left;text-align:center;line-height:1;font-size:50px}.elementor-widget-text-editor .elementor-drop-cap-letter{display:inline-block}<\/style>\t\t\t\t<h5 style=\"text-align: center;\"><strong>Qui\u00e9nes Somos<\/strong><\/h5><p style=\"text-align: center;\">El creciente desarrollo del turismo en la regi\u00f3n de los R\u00edos, impulsado por diversas acciones p\u00fablicas y privadas, hace necesario que como empresarios estemos preparados para ello.<\/p><p style=\"text-align: center;\">En el a\u00f1o 2005, un 29 de septiembre, un grupo de visionarios y microempresarios tur\u00edsticos ranquinos, decidieron reunirse y formar la C\u00e1mara de Turismo de Lago Ranco, y as\u00ed poder aportar e incidir en relaci\u00f3n a diversas decisiones que afectan directamente en nuestros negocios y en el desarrollo tur\u00edstico de la comuna y la regi\u00f3n.<\/p><p style=\"text-align: center;\">Con m\u00e1s de 25 socios y varios a\u00f1os de trayectoria somos una de las principales agrupaciones tur\u00edsticas de la regi\u00f3n, entregando a los visitantes que vienen desde distintos lugares del mundo un destino seguro, integral y confiable.<\/p><p style=\"text-align: center;\">Somos una organizaci\u00f3n consolidada y con socios comprometidos con el desarrollo tur\u00edstico y la agrupaci\u00f3n, con las capacidades y la visi\u00f3n para responder a este importante reto.<\/p>\t\t\t\t\t\t<\/div>\n\t\t\t\t<\/div>\n\t\t\t\t\t<\/div>\n\t\t<\/div>\n\t\t\t\t\t\t\t<\/div>\n\t\t<\/section>\n\t\t\t\t<section class=\"elementor-section elementor-top-section elementor-element elementor-element-e5b718f elementor-section-boxed elementor-section-height-default elementor-section-height-default\" data-id=\"e5b718f\" data-element_type=\"section\">\n\t\t\t\t\t\t<div class=\"elementor-container elementor-column-gap-default\">\n\t\t\t\t\t<div class=\"elementor-column elementor-col-100 elementor-top-column elementor-element elementor-element-624b02c\" data-id=\"624b02c\" data-element_type=\"column\">\n\t\t\t<div class=\"elementor-widget-wrap elementor-element-populated\">\n\t\t\t\t\t\t\t\t<div class=\"elementor-element elementor-element-91578e6 elementor-widget-divider--view-line elementor-widget elementor-widget-divider\" data-id=\"91578e6\" data-element_type=\"widget\" data-widget_type=\"divider.default\">\n\t\t\t\t<div class=\"elementor-widget-container\">\n\t\t\t<style>\/*! elementor - v3.9.2 - 21-12-2022 *\/\n.elementor-widget-divider{--divider-border-style:none;--divider-border-width:1px;--divider-color:#2c2c2c;--divider-icon-size:20px;--divider-element-spacing:10px;--divider-pattern-height:24px;--divider-pattern-size:20px;--divider-pattern-url:none;--divider-pattern-repeat:repeat-x}.elementor-widget-divider .elementor-divider{display:flex}.elementor-widget-divider .elementor-divider__text{font-size:15px;line-height:1;max-width:95%}.elementor-widget-divider .elementor-divider__element{margin:0 var(--divider-element-spacing);flex-shrink:0}.elementor-widget-divider .elementor-icon{font-size:var(--divider-icon-size)}.elementor-widget-divider .elementor-divider-separator{display:flex;margin:0;direction:ltr}.elementor-widget-divider--view-line_icon .elementor-divider-separator,.elementor-widget-divider--view-line_text .elementor-divider-separator{align-items:center}.elementor-widget-divider--view-line_icon .elementor-divider-separator:after,.elementor-widget-divider--view-line_icon .elementor-divider-separator:before,.elementor-widget-divider--view-line_text .elementor-divider-separator:after,.elementor-widget-divider--view-line_text .elementor-divider-separator:before{display:block;content:\"\";border-bottom:0;flex-grow:1;border-top:var(--divider-border-width) var(--divider-border-style) var(--divider-color)}.elementor-widget-divider--element-align-left .elementor-divider .elementor-divider-separator>.elementor-divider__svg:first-of-type{flex-grow:0;flex-shrink:100}.elementor-widget-divider--element-align-left .elementor-divider-separator:before{content:none}.elementor-widget-divider--element-align-left .elementor-divider__element{margin-left:0}.elementor-widget-divider--element-align-right .elementor-divider .elementor-divider-separator>.elementor-divider__svg:last-of-type{flex-grow:0;flex-shrink:100}.elementor-widget-divider--element-align-right .elementor-divider-separator:after{content:none}.elementor-widget-divider--element-align-right .elementor-divider__element{margin-right:0}.elementor-widget-divider:not(.elementor-widget-divider--view-line_text):not(.elementor-widget-divider--view-line_icon) .elementor-divider-separator{border-top:var(--divider-border-width) var(--divider-border-style) var(--divider-color)}.elementor-widget-divider--separator-type-pattern{--divider-border-style:none}.elementor-widget-divider--separator-type-pattern.elementor-widget-divider--view-line .elementor-divider-separator,.elementor-widget-divider--separator-type-pattern:not(.elementor-widget-divider--view-line) .elementor-divider-separator:after,.elementor-widget-divider--separator-type-pattern:not(.elementor-widget-divider--view-line) .elementor-divider-separator:before,.elementor-widget-divider--separator-type-pattern:not([class*=elementor-widget-divider--view]) .elementor-divider-separator{width:100%;min-height:var(--divider-pattern-height);-webkit-mask-size:var(--divider-pattern-size) 100%;mask-size:var(--divider-pattern-size) 100%;-webkit-mask-repeat:var(--divider-pattern-repeat);mask-repeat:var(--divider-pattern-repeat);background-color:var(--divider-color);-webkit-mask-image:var(--divider-pattern-url);mask-image:var(--divider-pattern-url)}.elementor-widget-divider--no-spacing{--divider-pattern-size:auto}.elementor-widget-divider--bg-round{--divider-pattern-repeat:round}.rtl .elementor-widget-divider .elementor-divider__text{direction:rtl}.e-con-inner>.elementor-widget-divider,.e-con>.elementor-widget-divider{width:var(--container-widget-width);--flex-grow:var(--container-widget-flex-grow)}<\/style>\t\t<div class=\"elementor-divider\">\n\t\t\t<span class=\"elementor-divider-separator\">\n\t\t\t\t\t\t<\/span>\n\t\t<\/div>\n\t\t\t\t<\/div>\n\t\t\t\t<\/div>\n\t\t\t\t\t<\/div>\n\t\t<\/div>\n\t\t\t\t\t\t\t<\/div>\n\t\t<\/section>\n\t\t\t\t<section class=\"elementor-section elementor-top-section elementor-element elementor-element-7deb867 elementor-section-boxed elementor-section-height-default elementor-section-height-default\" data-id=\"7deb867\" data-element_type=\"section\">\n\t\t\t\t\t\t<div class=\"elementor-container elementor-column-gap-default\">\n\t\t\t\t\t<div class=\"elementor-column elementor-col-100 elementor-top-column elementor-element elementor-element-658b2f1\" data-id=\"658b2f1\" data-element_type=\"column\">\n\t\t\t<div class=\"elementor-widget-wrap elementor-element-populated\">\n\t\t\t\t\t\t\t\t<div class=\"elementor-element elementor-element-36829a2 elementor-widget elementor-widget-text-editor\" data-id=\"36829a2\" data-element_type=\"widget\" data-widget_type=\"text-editor.default\">\n\t\t\t\t<div class=\"elementor-widget-container\">\n\t\t\t\t\t\t\t<h5 style=\"text-align: center;\"><strong>Nuestra Misi\u00f3n<\/strong><\/h5><p style=\"text-align: center;\">\u201cSomos una organizaci\u00f3n comprometida con el fortalecimiento del sector tur\u00edstico posicion\u00e1ndola como la principal actividad productiva de la Comuna de Lago Ranco, a trav\u00e9s de la promoci\u00f3n, asistencia t\u00e9cnica y capacitaci\u00f3n de sus miembros y la comunidad, guiados por un principio de turismo sustentable.\u201d<\/p>\t\t\t\t\t\t<\/div>\n\t\t\t\t<\/div>\n\t\t\t\t\t<\/div>\n\t\t<\/div>\n\t\t\t\t\t\t\t<\/div>\n\t\t<\/section>\n\t\t\t\t<section class=\"elementor-section elementor-top-section elementor-element elementor-element-be176d8 elementor-section-boxed elementor-section-height-default elementor-section-height-default\" data-id=\"be176d8\" data-element_type=\"section\">\n\t\t\t\t\t\t<div class=\"elementor-container elementor-column-gap-default\">\n\t\t\t\t\t<div class=\"elementor-column elementor-col-100 elementor-top-column elementor-element elementor-element-6bf84ab\" data-id=\"6bf84ab\" data-element_type=\"column\">\n\t\t\t<div class=\"elementor-widget-wrap elementor-element-populated\">\n\t\t\t\t\t\t\t\t<div class=\"elementor-element elementor-element-8c3d80b elementor-widget-divider--view-line elementor-widget elementor-widget-divider\" data-id=\"8c3d80b\" data-element_type=\"widget\" data-widget_type=\"divider.default\">\n\t\t\t\t<div class=\"elementor-widget-container\">\n\t\t\t\t\t<div class=\"elementor-divider\">\n\t\t\t<span class=\"elementor-divider-separator\">\n\t\t\t\t\t\t<\/span>\n\t\t<\/div>\n\t\t\t\t<\/div>\n\t\t\t\t<\/div>\n\t\t\t\t\t<\/div>\n\t\t<\/div>\n\t\t\t\t\t\t\t<\/div>\n\t\t<\/section>\n\t\t\t\t<section class=\"elementor-section elementor-top-section elementor-element elementor-element-a52013d elementor-section-boxed elementor-section-height-default elementor-section-height-default\" data-id=\"a52013d\" data-element_type=\"section\">\n\t\t\t\t\t\t<div class=\"elementor-container elementor-column-gap-default\">\n\t\t\t\t\t<div class=\"elementor-column elementor-col-100 elementor-top-column elementor-element elementor-element-de51a12\" data-id=\"de51a12\" data-element_type=\"column\">\n\t\t\t<div class=\"elementor-widget-wrap elementor-element-populated\">\n\t\t\t\t\t\t\t\t<div class=\"elementor-element elementor-element-3a71488 elementor-widget elementor-widget-text-editor\" data-id=\"3a71488\" data-element_type=\"widget\" data-widget_type=\"text-editor.default\">\n\t\t\t\t<div class=\"elementor-widget-container\">\n\t\t\t\t\t\t\t<h5 style=\"text-align: center;\"><strong>Visi\u00f3n<\/strong><\/h5><p style=\"text-align: center;\">\u201cSer la organizaci\u00f3n que lidera la representaci\u00f3n y coordinaci\u00f3n de actividades del sector tur\u00edstico en la Comuna de Lago Ranco bajo est\u00e1ndares de excelencia y \u00e9tica, promoviendo el turismo sustentable y una participaci\u00f3n solidaria con sus miembros y la comunidad.\u201d<\/p>\t\t\t\t\t\t<\/div>\n\t\t\t\t<\/div>\n\t\t\t\t\t<\/div>\n\t\t<\/div>\n\t\t\t\t\t\t\t<\/div>\n\t\t<\/section>\n\t\t\t\t\t\t\t<\/div>\n\t\t","protected":false},"excerpt":{"rendered":"<p>Qui\u00e9nes Somos El creciente desarrollo del turismo en la regi\u00f3n de los R\u00edos, impulsado por diversas acciones p\u00fablicas y privadas, hace necesario que como empresarios estemos preparados para ello. En el a\u00f1o 2005, un 29 de septiembre, un grupo de visionarios y microempresarios tur\u00edsticos ranquinos, decidieron reunirse y formar la C\u00e1mara de Turismo de Lago [&hellip;]<\/p>\n","protected":false},"author":1,"featured_media":0,"parent":0,"menu_order":0,"comment_status":"closed","ping_status":"closed","template":"","meta":{"_themeisle_gutenberg_block_has_review":false,"footnotes":""},"class_list":["post-1110","page","type-page","status-publish","hentry"],"acf":[],"_links":{"self":[{"href":"http:\/\/2020.turismolagoranco.cl\/index.php\/wp-json\/wp\/v2\/pages\/1110","targetHints":{"allow":["GET"]}}],"collection":[{"href":"http:\/\/2020.turismolagoranco.cl\/index.php\/wp-json\/wp\/v2\/pages"}],"about":[{"href":"http:\/\/2020.turismolagoranco.cl\/index.php\/wp-json\/wp\/v2\/types\/page"}],"author":[{"embeddable":true,"href":"http:\/\/2020.turismolagoranco.cl\/index.php\/wp-json\/wp\/v2\/users\/1"}],"replies":[{"embeddable":true,"href":"http:\/\/2020.turismolagoranco.cl\/index.php\/wp-json\/wp\/v2\/comments?post=1110"}],"version-history":[{"count":4,"href":"http:\/\/2020.turismolagoranco.cl\/index.php\/wp-json\/wp\/v2\/pages\/1110\/revisions"}],"predecessor-version":[{"id":1115,"href":"http:\/\/2020.turismolagoranco.cl\/index.php\/wp-json\/wp\/v2\/pages\/1110\/revisions\/1115"}],"wp:attachment":[{"href":"http:\/\/2020.turismolagoranco.cl\/index.php\/wp-json\/wp\/v2\/media?parent=1110"}],"curies":[{"name":"wp","href":"https:\/\/api.w.org\/{rel}","templated":true}]}}